{"id":3,"date":"2019-04-30T09:17:24","date_gmt":"2019-04-30T09:17:24","guid":{"rendered":"http:\/\/demoweb.zeus.it\/goldencard\/?page_id=3"},"modified":"2024-07-01T15:04:40","modified_gmt":"2024-07-01T15:04:40","slug":"privacy-policy","status":"publish","type":"page","link":"https:\/\/www.golden-card.it\/?page_id=3","title":{"rendered":"Privacy Policy"},"content":{"rendered":"<div class=\"fusion-fullwidth fullwidth-box fusion-builder-row-1 nonhundred-percent-fullwidth non-hundred-percent-height-scrolling\" style=\"--awb-border-radius-top-left:0px;--awb-border-radius-top-right:0px;--awb-border-radius-bottom-right:0px;--awb-border-radius-bottom-left:0px;--awb-flex-wrap:wrap;\" ><div class=\"fusion-builder-row fusion-row\"><div class=\"fusion-layout-column fusion_builder_column fusion-builder-column-0 fusion_builder_column_1_1 1_1 fusion-one-full fusion-column-first fusion-column-last\" style=\"--awb-bg-size:cover;--awb-margin-bottom:0px;\"><div class=\"fusion-column-wrapper fusion-flex-column-wrapper-legacy\"><div class=\"fusion-text fusion-text-1\"><h3 class=\"wp-block-heading\"><strong>Documento informativo ai sensi e per gli effetti di cui all\u2019art. 13 del Regolamento (UE) 2016\/679 (GDPR)<\/strong><\/h3>\n<h4><strong>PERCH\u00c9 QUESTE INFORMAZIONI?<\/strong><\/h4>\n<p>Ai sensi del Regolamento (UE) 2016\/679 (di seguito &#8220;GDPR&#8221;), questa pagina descrive le modalit\u00e0 di trattamento dei dati personali. Si tratta di un\u2019informativa che \u00e8 resa ai sensi dell\u2019art. 13 GDPR. L\u2019informativa non \u00e8 da considerarsi valida per altri siti web di terzi, eventualmente consultabili tramite links presenti su questo sito internet, per i quali non ci si assume alcuna responsabilit\u00e0.<\/p>\n<p>&nbsp;<\/p>\n<h4 class=\"wp-block-heading\"><strong>Dati personali trattabili<\/strong><\/h4>\n<ul>\n<li><strong>Dati personali:<\/strong> qualsiasi informazione riguardante una persona fisica identificata o identificabile (\u00ab<strong>interessato<\/strong>\u00bb); si considera identificabile la persona fisica che pu\u00f2 essere identificata, direttamente o indirettamente, con particolare riferimento a un identificativo come il nome, un numero di identificazione, dati relativi all\u2019ubicazione, un identificativo online o a uno o pi\u00f9 elementi caratteristici della sua identit\u00e0 fisica, fisiologica, genetica, psichica, economica, culturale o sociale (C26, C27, C30 GDPR).<\/li>\n<li><strong>Dati di navigazione:<\/strong> i sistemi informatici e le procedure software preposte al funzionamento di questo sito acquisiscono, nel corso del loro normale esercizio, alcuni dati personali la cui trasmissione \u00e8 implicita nell&#8217;uso dei protocolli di comunicazione di Internet. In questa categoria di dati rientrano gli indirizzi IP o i nomi a dominio dei computer e dei terminali utilizzati dagli utenti, gli indirizzi in notazione URI\/URL (Uniform Resource Identifier\/Locator) delle risorse richieste, l&#8217;orario della richiesta, il metodo utilizzato nel sottoporre la richiesta al server, la dimensione del file ottenuto in risposta, il codice numerico indicante lo stato della risposta data dal server (buon fine, errore, ecc.) ed altri parametri relativi al sistema operativo e all&#8217;ambiente informatico dell&#8217;utente.<\/li>\n<li><strong>Dati comunicati volontariamente:<\/strong> l&#8217;invio facoltativo, esplicito e volontario di messaggi agli indirizzi di contatto indicati su questo sito e\/o la compilazione di form di raccolta dati comporta la successiva acquisizione dell&#8217;indirizzo del mittente, necessario per rispondere alle richieste, nonch\u00e9 degli eventuali altri dati personali inseriti.<\/li>\n<\/ul>\n<h4 class=\"wp-block-heading\"><strong>Informazioni circa il trattamento dei dati personali effettuato attraverso le piattaforme di Social Media<\/strong><\/h4>\n<p>Circa i trattamenti di dati personali effettuati dai gestori delle piattaforme di Social Media utilizzate dal Titolare, si rimanda alle informazioni da questi rese attraverso le rispettive privacy policy. Il Titolare tratta i dati personali conferiti dall&#8217;utenza attraverso le pagine delle piattaforme di Social Media dedicate, per gestire le interazioni con l&#8217;utenza (commenti, post pubblici, etc.) e nel rispetto della normativa vigente.<\/p>\n<h4 class=\"wp-block-heading\"><strong>Informative specifiche<\/strong><\/h4>\n<p>Informative specifiche potrebbero essere presenti nelle pagine del Sito in relazione a particolari servizi o trattamenti dei dati forniti.<\/p>\n<h4 class=\"wp-block-heading\"><strong>COOKIE E ALTRI SISTEMI DI TRACCIAMENTO. COSA SONO? A COSA SERVONO?<\/strong><\/h4>\n<p>Per i Cookie e altri sistemi di tracciamento si veda la cookies policy riportata nel footer del sito e al seguente <a href=\"https:\/\/www.golden-card.it\/?page_id=4973\">link<\/a>.<\/p>\n<p><strong>1.CHI \u00c8 IL TITOLARE DEL TRATTAMENTO DATI? COME CONTATTARLO?<\/strong><br \/>I Contitolari del trattamento, ai sensi dell\u2019art. 26 del Reg. UE 2016\/679, per i trattamenti identificati al successivo punto 2 sono le seguenti societ\u00e0:<\/p>\n<ul>\n<li><strong>SOFIMU- SOCIETA\u2019 FINANZIARIA MACCHINE UTENSILI SRL<\/strong>, con sede legale in Viale Fulvio Testi 128, 20092, Cinisello Balsamo (MI), nella persona del suo Legale Rappresentante pro-tempore, che potr\u00e0 contattare per qualsiasi informazione anche tramite e-mail privacy@ucimu.it;<\/li>\n<li><strong>FIERA MILANO SPA<\/strong>, con sede legale in piazzale Carlo Magno 1, 20149, Milano (MI), nella persona del suo Legale Rappresentante pro-tempore, che potr\u00e0 contattare per qualsiasi informazione anche tramite e-mail privacy@fieramilano.it;<\/li>\n<li><strong>PROMAPLAST SRL<\/strong> con sede legale in Centro Direzionale Milanofiori, 20057, Assago (MI), nella persona di Mario Maggiani, Legale Rappresentante pro-tempore, che potr\u00e0 contattare per qualsiasi informazione tramite e-mail privacy@promaplast.org<\/li>\n<\/ul>\n<p>I Contitolari del trattamento hanno stipulato un accordo di contitolarit\u00e0, a norma dell\u2019articolo 26 del Reg. (UE) 2016\/679, con il quale si sono impegnate definire congiuntamente:<\/p>\n<ul>\n<li>le finalit\u00e0 e modalit\u00e0 di trattamento dei Dati Personali degli interessati, come indicate al successivo punto 2;<\/li>\n<li>le procedure per fornirti un tempestivo riscontro qualora desiderassi esercitare i tuoi diritti, cos\u00ec come previsti dagli articoli 15 e seguenti del Reg. (UE) 2016\/679, individuati al successivo punto 7;<\/li>\n<li>la presente informativa nel rispetto del Reg. UE 2016\/679.<\/li>\n<\/ul>\n<p>Il contenuto essenziale dell\u2019accordo pu\u00f2 essere richiesto dagli interessati scrivendo ai Contitolari, al seguente recapito: privacy@ucimu.it.<\/p>\n<p><strong>IL RESPONSABILE DELLA PROTEZIONE DEI DATI \u00c8 STATO NOMINATO? QUALI SONO I SUOI DATI DI CONTATTO?<\/strong><br \/>Ciascun Contitolare sopra indicato ha individuato e nominato il proprio Responsabile della protezione dei dati (RPD\/DPO- Data Protection Officer) ai sensi degli artt. 37, 38 e 39 del GDPR. Nello specifico, il DPO di:<\/p>\n<ul>\n<li><strong>SOFIMU- SOCIETA\u2019 FINANZIARIA MACCHINE UTENSILI SRL<\/strong> \u00e8 contattabile all\u2019indirizzo rpdsofimu@ucimu.it;<\/li>\n<li><strong>FIERA MILANO SPA<\/strong> \u00e8 contattabile presso la Societ\u00e0 e anche all\u2019indirizzo dpo@fieramilano.it;<\/li>\n<li><strong>PROMAPLAST SRL<\/strong> \u00e8 contattabile all\u2019indirizzo lorenzo.lanzoni@assiteca.it<\/li>\n<\/ul>\n<p>&nbsp;<\/p>\n<\/div>\r\n<div class=\"table-2\">\r\n<table width=\"100%\">\r\n<thead>\r\n<tr>\r\n<th align=\"left\"><strong>FINALIT\u00c0<br \/>DEL TRATTAMENTO<\/strong><\/th>\r\n<th align=\"left\"><strong>BASE GIURIDICA<\/strong><\/th>\r\n<th align=\"left\"><strong>PERIODO DI<br \/>CONSERVAZIONE DATI<\/strong><\/th>\r\n<th align=\"left\"><strong>NATURA<br \/>DEL CONFERIMENTO<\/strong><\/th>\r\n<\/tr>\r\n<\/thead>\r\n<tbody>\r\n<tr>\r\n<td align=\"left\">\r\n<p>Navigazione sul presente sito web.<\/p>\r\n<p>I dati necessari per la fruizione dei servizi web, vengono anche trattati allo scopo di:<\/p>\r\n<ul>\r\n<li>ottenere informazioni statistiche sull&#8217;uso dei servizi (pagine pi\u00f9 visitate, numero di visitatori per fascia oraria o giornaliera, aree geografiche di provenienza, ecc.);<\/li>\r\n<li>controllare il corretto funzionamento dei servizi offerti. I dati saranno utilizzati per l&#8217;accertamento di responsabilit\u00e0 in caso di ipotetici reati informatici ai danni del sito.<\/li>\r\n<\/ul>\r\n<\/td>\r\n<td align=\"left\">Il trattamento \u00e8 necessario per<br \/>il perseguimento del legittimo<br \/>interesse del titolare del<br \/>trattamento o di terzi, a condizione<br \/>che non prevalgano gli interessi<br \/>o i diritti e le libert\u00e0 fondamentali dell\u2019interessato che richiedono la protezione dei dati personali,<br \/>tenuto conto delle ragionevoli aspettative nutrite dall\u2019interessato e le attivit\u00e0 strettamente necessarie al funzionamento del sito e alla navigazione stessa.<br \/>(Art. 6, par. 1 lett. f e C47 del GDPR)<\/td>\r\n<td align=\"left\">\r\n<p>La conservazione dei dati di navigazione avverr\u00e0 fino alla durata della sessione di navigazione.<\/p>\r\n<p>In ogni caso, gli stessi non persistono per pi\u00f9 di sette giorni (salvo eventuali necessit\u00e0 di accertamento di reati da parte dell&#8217;Autorit\u00e0 giudiziaria).<\/p>\r\n<\/td>\r\n<td align=\"left\">Il conferimento dei dati \u00e8 necessario per la navigazione sul sito web.<\/td>\r\n<\/tr>\r\n<tr>\r\n<td align=\"left\">\r\n<p>Utilizzo di cookies e tecnologie equiparabili.<\/p>\r\n<p>Si veda la <a href=\"https:\/\/www.golden-card.it\/?page_id=4973\">cookies policy<\/a> nel footer del sito.<\/p>\r\n<\/td>\r\n<td align=\"left\">\r\n<p>Per i cookies e tecnologie equiparabili non tecnici necessari, il trattamento \u00e8 basato sul consenso al trattamento dei dati personali (art. 6 par. 1 lett. a e C42, C43 del GDPR).<\/p>\r\n<p>Il consenso viene prestato attraverso il banner e la <a href=\"https:\/\/www.golden-card.it\/?page_id=4973\">cookie policy<\/a> del sito.<\/p>\r\n<\/td>\r\n<td align=\"left\">Si veda la <a href=\"https:\/\/www.golden-card.it\/?page_id=4973\">cookies policy<\/a> nel footer del sito.<\/td>\r\n<td align=\"left\">Si veda la <a href=\"https:\/\/www.golden-card.it\/?page_id=4973\">cookies policy<\/a> nel footer del sito.<\/td>\r\n<\/tr>\r\n<\/tbody>\r\n<\/table>\r\n<\/div>\r\n<div class=\"fusion-text fusion-text-2\"><p>Oltre che per la navigazione, i dati personali saranno trattati per:<\/p>\n<\/div>\r\n<div class=\"table-2\">\r\n<table width=\"100%\">\r\n<thead>\r\n<tr>\r\n<th align=\"left\"><strong>FINALIT\u00c0<br \/>DEL TRATTAMENTO<\/strong><\/th>\r\n<th align=\"left\"><strong>BASE GIURIDICA<\/strong><\/th>\r\n<th align=\"left\"><strong>PERIODO DI<br \/>CONSERVAZIONE DATI<\/strong><\/th>\r\n<th align=\"left\"><strong>NATURA<br \/>DEL CONFERIMENTO<\/strong><\/th>\r\n<\/tr>\r\n<\/thead>\r\n<tbody>\r\n<tr>\r\n<td align=\"left\">\r\n<p><strong>A) Risposta alle sue richieste di informazione<\/strong> inviate ai dati di contatto indicati nel sito web<\/p>\r\n<\/td>\r\n<td align=\"left\">\r\n<p>Il trattamento \u00e8 necessario all&#8217;esecuzione di un contratto di cui l&#8217;interessato \u00e8 parte o all&#8217;esecuzione di misure precontrattuali adottate su richiesta dello stesso (C44).<br \/>Art. 6 par. 1 lett. b) del GDPR.<\/p>\r\n<\/td>\r\n<td align=\"left\">\r\n<p>Massimo 12 mesi.<\/p>\r\n<\/td>\r\n<td align=\"left\">\r\n<p>Il conferimento \u00e8 necessario.<br \/>Il mancato conferimento dei dati necessari comporter\u00e0 l\u2019impossibilit\u00e0 di essere contattato e ricevere informazioni.<\/p>\r\n<\/td>\r\n<\/tr>\r\n<\/tbody>\r\n<\/table>\r\n<\/div>\r\n<div class=\"fusion-sep-clear\"><\/div><div class=\"fusion-separator fusion-full-width-sep\" style=\"margin-left: auto;margin-right: auto;width:100%;\"><\/div><div class=\"fusion-sep-clear\"><\/div>\r\n<div class=\"table-2\">\r\n<table width=\"100%\">\r\n<thead>\r\n<tr>\r\n<th align=\"left\"><strong>FINALIT\u00c0<br \/>DEL TRATTAMENTO<\/strong><\/th>\r\n<th align=\"left\"><strong>BASE GIURIDICA<\/strong><\/th>\r\n<th align=\"left\"><strong>PERIODO DI<br \/>CONSERVAZIONE DATI<\/strong><\/th>\r\n<th align=\"left\"><strong>NATURA<br \/>DEL CONFERIMENTO<\/strong><\/th>\r\n<\/tr>\r\n<\/thead>\r\n<tbody>\r\n<tr>\r\n<td align=\"left\">\r\n<p><strong>B) GESTIONE DELLE SUE RICHIESTE e richieste di altri interessati, ai sensi degli artt. 15 e ss. del GDPR<\/strong> (diritti dell\u2019interessato).<\/p>\r\n<\/td>\r\n<td align=\"left\">\r\n<p>Il trattamento \u00e8 necessario per adempiere un obbligo legale al quale \u00e8 soggetto il titolare del trattamento (C45).<br \/>Art. 6 par. 1 lett. c) del GDPR.<\/p>\r\n<\/td>\r\n<td align=\"left\">\r\n<p>5 anni dalla chiusura della richiesta, salvo contenziosi.<\/p>\r\n<\/td>\r\n<td align=\"left\">\r\n<p>Il conferimento dei dati personali \u00e8 obbligatorio, in quanto indispensabile per poter dare esecuzione agli obblighi di Legge.<\/p>\r\n<\/td>\r\n<\/tr>\r\n<\/tbody>\r\n<\/table>\r\n<\/div>\r\n<div class=\"fusion-text fusion-text-3\"><p><strong>3. A CHI VERRANNO COMUNICATI I DATI PERSONALI? DESTINATARI DEI DATI<\/strong><br \/>I dati personali saranno comunicati a soggetti che tratteranno i dati in qualit\u00e0 di Titolari autonomi del trattamento, o Responsabili del trattamento (art. 28 GDPR) e trattati da persone fisiche (art. 29 GDPR) che agiscono sotto l\u2019autorit\u00e0 del Titolare e dei Responsabili sulla base di specifiche istruzioni fornite in ordine a finalit\u00e0 e modalit\u00e0 del trattamento. I dati saranno comunicati a destinatari appartenenti alle seguenti categorie:<\/p>\n<ul>\n<li>Soggetti che forniscono servizi per il sito web e delle reti di comunicazione, ivi comprese posta elettronica, host e gestione sito internet (anche societ\u00e0 del Gruppo, collegate, controllate);<\/li>\n<li>Societ\u00e0 fornitrici di cookie;<\/li>\n<li>Soggetti che forniscono servizi per la gestione del sistema informativo e delle reti di telecomunicazioni (ivi compresa la posta elettronica);<\/li>\n<li>Studi o societ\u00e0 nell&#8217;ambito di rapporti di assistenza e consulenza;<\/li>\n<li>Soggetti con cui i Contitolari hanno sottoscritto accordi e previo consenso, ove previsto;<\/li>\n<li>Autorit\u00e0 competenti per adempimenti di obblighi di legge e\/o di disposizioni di organi pubblici, su richiesta.<br \/>L\u2019elenco dei Responsabili del trattamento art. 28 \u00e8 disponibile scrivendo a privacy@ucimu.it o agli altri recapiti sopra indicati.<\/li>\n<\/ul>\n<p><strong>4. I DATI SARANNO TRASFERITI IN PAESI NON SEE?<\/strong><br \/>I dati personali non saranno trasferiti in Paesi Extra SEE.<\/p>\n<p><strong>5. VI \u00c8 UN PROCESSO AUTOMATIZZATO?<\/strong><br \/>I dati personali saranno sottoposti a trattamento manuale tradizionale, elettronico e automatizzato. Si precisa che non si effettuano processi decisionali completamente automatizzati.<\/p>\n<p><strong>6. QUALI SONO I SUOI DIRITTI? COME PU\u00d2 ESERCITARLI?<\/strong><br \/>Gli interessati potranno far valere i propri diritti come espressi dagli artt. 15 e s.s. GDPR, contattando il seguente indirizzo e-mail: privacy@ucimu.it. I Contitolari garantiscono agli interessati la possibilit\u00e0 di richiedere, in qualunque momento, l\u2019accesso ai propri dati personali (art.15), la rettifica (art.16), la cancellazione degli stessi (art.17), la limitazione del trattamento (art.18). I Contitolari del trattamento comunicano (art. 19), a ciascuno dei destinatari cui sono stati trasmessi i dati personali, le eventuali rettifiche o cancellazioni o limitazioni del trattamento effettuate. I Contitolari del trattamento comunicano agli interessati che ne facciano richiesta tali destinatari. I Contitolari garantiscono altres\u00ec il diritto alla portabilit\u00e0 (art.20) e, in caso di richieste ai sensi dell\u2019art.20, forniranno agli interessati i dati in un formato strutturato, di uso comune e leggibile da dispositivo automatico. \u00c8 riconosciuto agli interessati il diritto di opporsi (art.21), in qualsiasi momento, al trattamento dei dati basato sul legittimo interesse, scrivendo ai contatti sopra riportati con oggetto \u201copposizione\u201d. \u00c8 riconosciuto agli interessati il diritto di revocare il consenso prestato, senza pregiudicare la liceit\u00e0 del trattamento basato sul consenso prestato prima della revoca. <br \/>Nel caso in cui gli interessati ritengano che il trattamento dei dati personali effettuato dai Contitolari avvenga in violazione di quanto previsto dal Regolamento (UE) 2016\/679, sono liberi di presentare un reclamo all<a href=\"https:\/\/www.edpb.europa.eu\/about-edpb\/about-edpb\/members_it\" target=\"_blank\" rel=\"noopener\">\u2019Autorit\u00e0 nazionale di controllo<\/a>, in particolare nello Stato membro in cui risiedono abitualmente o lavorano, oppure nel luogo ove si \u00e8 verificata la presunta violazione del Regolamento (Garante Privacy <a href=\"https:\/\/www.garanteprivacy.it\/\" target=\"_blank\" rel=\"noopener\">https:\/\/www.garanteprivacy.it\/<\/a>), o di adire le opportune sedi giudiziarie.<\/p>\n<p><strong>7. MODIFICHE ALL\u2019INFORMATIVA<\/strong><br \/>I Contitolari potrebbero cambiare, modificare, aggiungere o rimuovere qualsiasi parte della presente Informativa sulla privacy. Al fine di facilitare la verifica di eventuali cambiamenti, l&#8217;informativa conterr\u00e0 l&#8217;indicazione della data di aggiornamento dell&#8217;informativa stessa.<\/p>\n<p>Data di aggiornamento: 14 giugno 2024<\/p>\n<\/div><div class=\"fusion-clearfix\"><\/div><\/div><\/div><\/div><\/div>\r\n","protected":false},"excerpt":{"rendered":"","protected":false},"author":1,"featured_media":0,"parent":0,"menu_order":0,"comment_status":"closed","ping_status":"closed","template":"","meta":{"footnotes":""},"class_list":["post-3","page","type-page","status-publish","hentry"],"_links":{"self":[{"href":"https:\/\/www.golden-card.it\/index.php?rest_route=\/wp\/v2\/pages\/3"}],"collection":[{"href":"https:\/\/www.golden-card.it\/index.php?rest_route=\/wp\/v2\/pages"}],"about":[{"href":"https:\/\/www.golden-card.it\/index.php?rest_route=\/wp\/v2\/types\/page"}],"author":[{"embeddable":true,"href":"https:\/\/www.golden-card.it\/index.php?rest_route=\/wp\/v2\/users\/1"}],"replies":[{"embeddable":true,"href":"https:\/\/www.golden-card.it\/index.php?rest_route=%2Fwp%2Fv2%2Fcomments&post=3"}],"version-history":[{"count":12,"href":"https:\/\/www.golden-card.it\/index.php?rest_route=\/wp\/v2\/pages\/3\/revisions"}],"predecessor-version":[{"id":6051,"href":"https:\/\/www.golden-card.it\/index.php?rest_route=\/wp\/v2\/pages\/3\/revisions\/6051"}],"wp:attachment":[{"href":"https:\/\/www.golden-card.it\/index.php?rest_route=%2Fwp%2Fv2%2Fmedia&parent=3"}],"curies":[{"name":"wp","href":"https:\/\/api.w.org\/{rel}","templated":true}]}}